{"id":507,"date":"2023-03-03T20:42:25","date_gmt":"2023-03-03T19:42:25","guid":{"rendered":"http:\/\/noemiesarraute.com\/?page_id=507"},"modified":"2024-04-28T17:57:47","modified_gmt":"2024-04-28T15:57:47","slug":"contact","status":"publish","type":"page","link":"https:\/\/noemiesarraute.com\/index.php\/contact\/","title":{"rendered":"Contact"},"content":{"rendered":"\n<style type=\"text\/css\" data-created_by=\"avia_inline_auto\" id=\"style-css-av-unigz-c0c925c111e02bcd3363c81caa6dfab6\">\n.avia-section.av-unigz-c0c925c111e02bcd3363c81caa6dfab6{\nbackground-color:#f1f1f1;\nbackground-image:unset;\n}\n<\/style>\n<div id='av_section_1'  class='avia-section av-unigz-c0c925c111e02bcd3363c81caa6dfab6 main_color avia-section-large avia-no-border-styling  avia-builder-el-0  el_before_av_section  avia-builder-el-first  avia-bg-style-scroll container_wrap sidebar_right'  ><div class='container av-section-cont-open' ><main  role=\"main\" itemprop=\"mainContentOfPage\"  class='template-page content  av-content-small alpha units'><div class='post-entry post-entry-type-page post-entry-507'><div class='entry-content-wrapper clearfix'>\n<div class='flex_column av-ybh8r-5fdb664af47ebfd55e70da979aa39e87 av_one_full  avia-builder-el-1  el_before_av_one_full  avia-builder-el-first  first flex_column_div '     ><style type=\"text\/css\" data-created_by=\"avia_inline_auto\" id=\"style-css-av-ls5328ip-37466ab27428b57d6f9bd0c713ff27d6\">\n#top .av-special-heading.av-ls5328ip-37466ab27428b57d6f9bd0c713ff27d6{\npadding-bottom:10px;\n}\nbody .av-special-heading.av-ls5328ip-37466ab27428b57d6f9bd0c713ff27d6 .av-special-heading-tag .heading-char{\nfont-size:25px;\n}\n.av-special-heading.av-ls5328ip-37466ab27428b57d6f9bd0c713ff27d6 .av-subheading{\nfont-size:15px;\n}\n<\/style>\n<div  class='av-special-heading av-ls5328ip-37466ab27428b57d6f9bd0c713ff27d6 av-special-heading-h3 blockquote elegant-quote elegant-centered  avia-builder-el-2  avia-builder-el-no-sibling '><h3 class='av-special-heading-tag'  itemprop=\"headline\"  ><span class=\"heading-wrap\">CONTACT<\/span><\/h3><div class=\"special-heading-border\"><div class=\"special-heading-inner-border\"><\/div><\/div><\/div><\/div><div class='flex_column av-egsuj-b53648b6e49a18d9eb1c5248639184f0 av_one_full  avia-builder-el-3  el_after_av_one_full  el_before_av_one_half  first flex_column_div column-top-margin'     ><section  class='av_textblock_section av-8ws8b-c4ddf9bfed179eaba976baa197be3ef3'  itemscope=\"itemscope\" itemtype=\"https:\/\/schema.org\/CreativeWork\" ><div class='avia_textblock'  itemprop=\"text\" ><p>Les prises de rdv, ou modification d&rsquo;horaire, se font uniquement en m&rsquo;appelant au 06 67 12 95 01. Un court \u00e9change t\u00e9l\u00e9phonique offre un premier contact et permet de s&rsquo;assurer du bon adressage de la demande.<\/p>\n<p>Pour toute autre demande comme les\u00a0 devis pour les entreprises ou clubs sportifs, accompagnement en pr\u00e9paration mentale&#8230; vous pouvez remplir le formulaire de contact.<\/p>\n<\/div><\/section><\/div><div class='flex_column av-slkfn-2467c488befd5ca046b6d28ca8d6b971 av_one_half  avia-builder-el-5  el_after_av_one_full  el_before_av_one_half  first flex_column_div column-top-margin'     ><section  class='av_textblock_section av-ls52gjji-32db8530fd6c042ca757e64b6da79ad2'  itemscope=\"itemscope\" itemtype=\"https:\/\/schema.org\/CreativeWork\" ><div class='avia_textblock'  itemprop=\"text\" ><h4 style=\"text-align: center;\"><strong>No\u00e9mie SARRAUTE<\/strong><\/h4>\n<p style=\"text-align: center;\"><a href=\"tel:0667129501\">06.67.12.95.01<\/a><\/p>\n<h5 style=\"text-align: center;\"><strong>Cabinet<\/strong><\/h5>\n<p style=\"text-align: center;\"><a href=\"https:\/\/maps.app.goo.gl\/2uJcynVb7mMsbWDJ6\" target=\"_blank\" rel=\"noopener\">51 rue de Paris<\/a><\/p>\n<p style=\"text-align: center;\"><a href=\"https:\/\/maps.app.goo.gl\/2uJcynVb7mMsbWDJ6\" target=\"_blank\" rel=\"noopener\">77127 Lieusaint<\/a><\/p>\n<h5 style=\"text-align: center;\"><strong>Moyens de transport<\/strong><\/h5>\n<p style=\"text-align: center;\">Bus ligne S\u00e9nart 25 &#8211; Gare de Lieusaint Moissy<\/p>\n<h5 style=\"text-align: center;\"><strong>Parking public<\/strong><\/h5>\n<p>Vous disposez de trois parkings, gratuits ou en zone bleue, \u00e0 proximit\u00e9 imm\u00e9diate de la Maison de Sant\u00e9:<\/p>\n<p>le parking de l&rsquo;Eglise, le parking de la Mairie et le parking du Conservatoire (\u00e0 droite avant la MDS).<\/p>\n<p>L&rsquo;acc\u00e8s en voiture \u00e0 la cour de la MDS est strictement r\u00e9serv\u00e9 aux praticiens, aux v\u00e9hicules m\u00e9dicaux et d&rsquo;urgences, aux v\u00e9hicules pour personne \u00e0 mobilit\u00e9 r\u00e9duite.<\/p>\n<\/div><\/section><\/div><div class='flex_column av-28n63-926be0853305f236cedf7871fe90b393 av_one_half  avia-builder-el-7  el_after_av_one_half  avia-builder-el-last  flex_column_div column-top-margin'     ><form action=\"https:\/\/noemiesarraute.com\/index.php\/contact\/\" method=\"post\"  class=\"avia_ajax_form av-form-labels-hidden   avia-builder-el-8  avia-builder-el-no-sibling   \" data-avia-form-id=\"1\" data-avia-redirect='' ><fieldset><p class='  first_form  form_element form_fullwidth' id='element_avia_1_1'><label for=\"avia_1_1\">Nom <abbr class=\"required\" title=\"requis(e)\">*<\/abbr><\/label> <input name=\"avia_1_1\" class=\"text_input is_empty\" type=\"text\" id=\"avia_1_1\" value=\"\"  placeholder='Nom*'\/><\/p><p class='  first_form  form_element form_element_half' id='element_avia_2_1'><label for=\"avia_2_1\">E-Mail <abbr class=\"required\" title=\"requis(e)\">*<\/abbr><\/label> <input name=\"avia_2_1\" class=\"text_input is_email\" type=\"text\" id=\"avia_2_1\" value=\"\"  placeholder='E-Mail*'\/><\/p><p class='  form_element form_element_half' id='element_avia_3_1'><label for=\"avia_3_1\">T\u00e9l\u00e9phone <abbr class=\"required\" title=\"requis(e)\">*<\/abbr><\/label> <input name=\"avia_3_1\" class=\"text_input is_phone\" type=\"text\" id=\"avia_3_1\" value=\"\"  placeholder='T\u00e9l\u00e9phone*'\/><\/p><p class='  first_form  form_element form_fullwidth' id='element_avia_4_1'><label for=\"avia_4_1\" class=\"textare_label hidden textare_label_avia_4_1\">Message <abbr class=\"required\" title=\"requis(e)\">*<\/abbr><\/label><textarea  placeholder='Message*' name=\"avia_4_1\" class=\"text_area is_empty\" cols=\"40\" rows=\"7\" id=\"avia_4_1\" ><\/textarea><\/p><p class=\"hidden\"><input type=\"text\" name=\"avia_5_1\" class=\"hidden \" id=\"avia_5_1\" value=\"\" \/><\/p><p class='   form_element form_fullwidth' id='element_avia_6_1'><span class='value_verifier_label'>4 + 2 = ?<\/span><input name=\"avia_6_1_verifier\" type=\"hidden\" id=\"avia_6_1_verifier\" value=\"577238667\"\/><label for=\"avia_6_1\">Merci de prouver que vous \u00eates un humain en donnant le r\u00e9sultat de cette op\u00e9ration <abbr class=\"required\" title=\"requis(e)\">*<\/abbr><\/label><input name=\"avia_6_1\" class=\"text_input captcha\" type=\"text\" id=\"avia_6_1\" value=\"\"\/><\/p><p class=\"form_element \"><input type=\"hidden\" value=\"1\" name=\"avia_generated_form1\" \/><input type=\"submit\" value=\"Envoyer\" class=\"button\"  data-sending-label=\"Envoi\"\/><\/p><\/fieldset><\/form><div id=\"ajaxresponse_1\" class=\"ajaxresponse ajaxresponse_1 hidden\"><\/div><\/div><\/div><\/div><\/main><!-- close content main element --><\/div><\/div>\n<style type=\"text\/css\" data-created_by=\"avia_inline_auto\" id=\"style-css-av-1de63-3e5abdcbf915c0e63c8485f0f3fda401\">\n.avia-section.av-1de63-3e5abdcbf915c0e63c8485f0f3fda401{\nbackground-color:#f1f1f1;\nbackground-image:unset;\nmargin-top:0px;\nmargin-bottom:0px;\n}\n<\/style>\n<div id='av_section_2'  class='avia-section av-1de63-3e5abdcbf915c0e63c8485f0f3fda401 main_color avia-section-no-padding avia-no-border-styling  avia-builder-el-9  el_after_av_section  avia-builder-el-last  nopadding avia-bg-style-scroll container_wrap sidebar_right'  ><div class='container av-section-cont-open' ><div class='template-page content  av-content-small alpha units'><div class='post-entry post-entry-type-page post-entry-507'><div class='entry-content-wrapper clearfix'>\n\n<\/div><\/div><\/div><!-- close content main div --><\/div><\/div><div id='after_section_2'  class='main_color av_default_container_wrap container_wrap sidebar_right'  ><div class='container av-section-cont-open' ><div class='template-page content  av-content-small alpha units'><div class='post-entry post-entry-type-page post-entry-507'><div class='entry-content-wrapper clearfix'><\/p>\n","protected":false},"excerpt":{"rendered":"","protected":false},"author":1,"featured_media":0,"parent":0,"menu_order":0,"comment_status":"closed","ping_status":"closed","template":"","meta":{"footnotes":""},"class_list":["post-507","page","type-page","status-publish","hentry"],"yoast_head":"<!-- This site is optimized with the Yoast SEO plugin v22.8 - https:\/\/yoast.com\/wordpress\/plugins\/seo\/ -->\n<title>Contact - No\u00e9mie Sarraute<\/title>\n<meta name=\"robots\" content=\"index, follow, max-snippet:-1, max-image-preview:large, max-video-preview:-1\" \/>\n<link rel=\"canonical\" href=\"https:\/\/noemiesarraute.com\/index.php\/contact\/\" \/>\n<meta property=\"og:locale\" content=\"fr_FR\" \/>\n<meta property=\"og:type\" content=\"article\" \/>\n<meta property=\"og:title\" content=\"Contact - No\u00e9mie Sarraute\" \/>\n<meta property=\"og:url\" content=\"https:\/\/noemiesarraute.com\/index.php\/contact\/\" \/>\n<meta property=\"og:site_name\" content=\"No\u00e9mie Sarraute\" \/>\n<meta property=\"article:modified_time\" content=\"2024-04-28T15:57:47+00:00\" \/>\n<meta name=\"twitter:card\" content=\"summary_large_image\" \/>\n<meta name=\"twitter:label1\" content=\"Dur\u00e9e de lecture estim\u00e9e\" \/>\n\t<meta name=\"twitter:data1\" content=\"13 minutes\" \/>\n<script type=\"application\/ld+json\" class=\"yoast-schema-graph\">{\"@context\":\"https:\/\/schema.org\",\"@graph\":[{\"@type\":\"WebPage\",\"@id\":\"https:\/\/noemiesarraute.com\/index.php\/contact\/\",\"url\":\"https:\/\/noemiesarraute.com\/index.php\/contact\/\",\"name\":\"Contact - No\u00e9mie Sarraute\",\"isPartOf\":{\"@id\":\"https:\/\/noemiesarraute.com\/#website\"},\"datePublished\":\"2023-03-03T19:42:25+00:00\",\"dateModified\":\"2024-04-28T15:57:47+00:00\",\"breadcrumb\":{\"@id\":\"https:\/\/noemiesarraute.com\/index.php\/contact\/#breadcrumb\"},\"inLanguage\":\"fr-FR\",\"potentialAction\":[{\"@type\":\"ReadAction\",\"target\":[\"https:\/\/noemiesarraute.com\/index.php\/contact\/\"]}]},{\"@type\":\"BreadcrumbList\",\"@id\":\"https:\/\/noemiesarraute.com\/index.php\/contact\/#breadcrumb\",\"itemListElement\":[{\"@type\":\"ListItem\",\"position\":1,\"name\":\"Accueil\",\"item\":\"https:\/\/noemiesarraute.com\/\"},{\"@type\":\"ListItem\",\"position\":2,\"name\":\"Contact\"}]},{\"@type\":\"WebSite\",\"@id\":\"https:\/\/noemiesarraute.com\/#website\",\"url\":\"https:\/\/noemiesarraute.com\/\",\"name\":\"No\u00e9mie Sarraute\",\"description\":\"Psychologue Clinicienne- sport- Preparation mentale- Psychanalyste- sport haut niveau - bien-\u00eatre\",\"potentialAction\":[{\"@type\":\"SearchAction\",\"target\":{\"@type\":\"EntryPoint\",\"urlTemplate\":\"https:\/\/noemiesarraute.com\/?s={search_term_string}\"},\"query-input\":\"required name=search_term_string\"}],\"inLanguage\":\"fr-FR\"}]}<\/script>\n<!-- \/ Yoast SEO plugin. -->","yoast_head_json":{"title":"Contact - No\u00e9mie Sarraute","robots":{"index":"index","follow":"follow","max-snippet":"max-snippet:-1","max-image-preview":"max-image-preview:large","max-video-preview":"max-video-preview:-1"},"canonical":"https:\/\/noemiesarraute.com\/index.php\/contact\/","og_locale":"fr_FR","og_type":"article","og_title":"Contact - No\u00e9mie Sarraute","og_url":"https:\/\/noemiesarraute.com\/index.php\/contact\/","og_site_name":"No\u00e9mie Sarraute","article_modified_time":"2024-04-28T15:57:47+00:00","twitter_card":"summary_large_image","twitter_misc":{"Dur\u00e9e de lecture estim\u00e9e":"13 minutes"},"schema":{"@context":"https:\/\/schema.org","@graph":[{"@type":"WebPage","@id":"https:\/\/noemiesarraute.com\/index.php\/contact\/","url":"https:\/\/noemiesarraute.com\/index.php\/contact\/","name":"Contact - No\u00e9mie Sarraute","isPartOf":{"@id":"https:\/\/noemiesarraute.com\/#website"},"datePublished":"2023-03-03T19:42:25+00:00","dateModified":"2024-04-28T15:57:47+00:00","breadcrumb":{"@id":"https:\/\/noemiesarraute.com\/index.php\/contact\/#breadcrumb"},"inLanguage":"fr-FR","potentialAction":[{"@type":"ReadAction","target":["https:\/\/noemiesarraute.com\/index.php\/contact\/"]}]},{"@type":"BreadcrumbList","@id":"https:\/\/noemiesarraute.com\/index.php\/contact\/#breadcrumb","itemListElement":[{"@type":"ListItem","position":1,"name":"Accueil","item":"https:\/\/noemiesarraute.com\/"},{"@type":"ListItem","position":2,"name":"Contact"}]},{"@type":"WebSite","@id":"https:\/\/noemiesarraute.com\/#website","url":"https:\/\/noemiesarraute.com\/","name":"No\u00e9mie Sarraute","description":"Psychologue Clinicienne- sport- Preparation mentale- Psychanalyste- sport haut niveau - bien-\u00eatre","potentialAction":[{"@type":"SearchAction","target":{"@type":"EntryPoint","urlTemplate":"https:\/\/noemiesarraute.com\/?s={search_term_string}"},"query-input":"required name=search_term_string"}],"inLanguage":"fr-FR"}]}},"_links":{"self":[{"href":"https:\/\/noemiesarraute.com\/index.php\/wp-json\/wp\/v2\/pages\/507","targetHints":{"allow":["GET"]}}],"collection":[{"href":"https:\/\/noemiesarraute.com\/index.php\/wp-json\/wp\/v2\/pages"}],"about":[{"href":"https:\/\/noemiesarraute.com\/index.php\/wp-json\/wp\/v2\/types\/page"}],"author":[{"embeddable":true,"href":"https:\/\/noemiesarraute.com\/index.php\/wp-json\/wp\/v2\/users\/1"}],"replies":[{"embeddable":true,"href":"https:\/\/noemiesarraute.com\/index.php\/wp-json\/wp\/v2\/comments?post=507"}],"version-history":[{"count":20,"href":"https:\/\/noemiesarraute.com\/index.php\/wp-json\/wp\/v2\/pages\/507\/revisions"}],"predecessor-version":[{"id":846,"href":"https:\/\/noemiesarraute.com\/index.php\/wp-json\/wp\/v2\/pages\/507\/revisions\/846"}],"wp:attachment":[{"href":"https:\/\/noemiesarraute.com\/index.php\/wp-json\/wp\/v2\/media?parent=507"}],"curies":[{"name":"wp","href":"https:\/\/api.w.org\/{rel}","templated":true}]}}